{"id":27,"date":"2023-01-26T19:53:16","date_gmt":"2023-01-26T19:53:16","guid":{"rendered":"http:\/\/wp.inima-lui-isus.ro\/?page_id=27"},"modified":"2023-03-28T20:47:25","modified_gmt":"2023-03-28T18:47:25","slug":"about","status":"publish","type":"page","link":"https:\/\/inima-lui-isus.ro\/index.php\/about\/","title":{"rendered":"Despre noi"},"content":{"rendered":"\n<h2 class=\"has-black-color has-text-color wp-block-heading\">Despre gradinita Inima lui Isus<\/h2>\n\n\n\n<p>Gr\u0103dinita \u201dInima lui Isus\u201d a fost \u00eenfiintat\u0103 \u00een anul 1998 prin carisma surorilor misionare italiene membre ale \u201dAsociatiei Misionarele Catihetice ale Sfintei Inimi\u201d cu sediul in Italia la Roma.<\/p>\n\n\n\n<figure class=\"wp-block-image\"><img decoding=\"async\" src=\"https:\/\/www.inima-lui-isus.ro\/images\/placeholders\/green.png\" alt=\"\"\/><\/figure>\n\n\n\n<figure class=\"wp-block-image\"><img decoding=\"async\" src=\"https:\/\/www.inima-lui-isus.ro\/images\/placeholders\/yellow.png\" alt=\"\"\/><\/figure>\n\n\n\n<figure class=\"wp-block-image\"><img decoding=\"async\" src=\"https:\/\/www.inima-lui-isus.ro\/images\/placeholders\/orange.png\" alt=\"\"\/><\/figure>\n\n\n\n<figure class=\"wp-block-image\"><img decoding=\"async\" src=\"https:\/\/www.inima-lui-isus.ro\/images\/placeholders\/blue.png\" alt=\"\"\/><\/figure>\n\n\n\n<p>Gr\u0103dinita dispune de un spatiu generos, modern, \u00eentr-o cl\u0103dire nou\u0103 situat\u0103 \u00een centrul orasului Popesti-Leordeni, ceea ce asigura un acces usor atat copiilor din localitate cat si celor din zona sectorului 4 \u2013 Bucuresti.<\/p>\n\n\n\n<p>Gradinita &#8222;Inima lui Isus&#8221; este cea mai cunoscuta institutie de invatamant prescolar, fiind prima gradinita particulara infiintata inca din anul 2000 si singura acreditata (cu O.M.5423\/2008) din orasul Popesti Leordeni.<\/p>\n\n\n\n<p>Gradinita &#8222;Inima lui Isus&#8221; este alegerea potrivita pentru familiile care nu isi doresc un loc in care copiii sa fie doar supravegheati, ci si o gradinita unde copiii isi dezvolta mintea, creativitatea , spiritul, unde copiii participa la concursuri, invata limba engleza, italiana, danseaza si se dezvolta armonios in cadrul activitatilor de gimnastica medicala, isi corecteaza defectele de vorbire cu ajutorul profesorului psiholog, iar starea de sanatate este verificata de medicul gradinitei.<\/p>\n\n\n\n<p>Filozofia gradinitei noastre este ca fiecare copil este unic, iar unicitatea lui reprezinta punctul de plecare in toate deciziile luate in privinta lui. Copilaria timpurie este cea mai importanta perioada din viata, prin faptul ca ceea ce facem pentru copil la aceasta varsta frageda isi va pune amprenta asupra dezvoltarii lui ulterioare.<\/p>\n\n\n\n<p>Echipa gradinitei noastre este formata din educatoare si profesori calificati, cu grade didactice si experienta in lucrul cu copiii prescolari.<\/p>\n\n\n\n<p>Suntem mandri de progresele copiilor nostri si de feedback-ul pe care-l primim de la generatiile anterioare privind rezultatele lor scolare.<\/p>\n\n\n\n<p>In prezent functionam cu trei grupe de prescolari (mica, mijlocie, mare), cu un efectiv de 10-15 copii la fiecare grupa si varste cuprinse intre doi ani si jumatate si sase ani.<\/p>\n\n\n\n<p><strong>Te asteptam la gradinita noastra pentru ca primii 6 ani din viata copilului tau conteaza!<\/strong><\/p>\n","protected":false},"excerpt":{"rendered":"<p>Despre gradinita Inima lui Isus Gr\u0103dinita \u201dInima lui Isus\u201d a fost \u00eenfiintat\u0103 \u00een anul 1998 prin carisma surorilor misionare italiene membre ale \u201dAsociatiei Misionarele Catihetice ale Sfintei Inimi\u201d cu sediul in Italia la Roma. Gr\u0103dinita dispune de un spatiu generos, modern, \u00eentr-o cl\u0103dire nou\u0103 situat\u0103 \u00een centrul orasului Popesti-Leordeni, ceea ce asigura un acces usor [&hellip;]<\/p>\n","protected":false},"author":2,"featured_media":206,"parent":0,"menu_order":0,"comment_status":"closed","ping_status":"closed","template":"page-template\/right-sidebar.php","meta":{"footnotes":""},"class_list":["post-27","page","type-page","status-publish","has-post-thumbnail","hentry"],"_links":{"self":[{"href":"https:\/\/inima-lui-isus.ro\/index.php\/wp-json\/wp\/v2\/pages\/27","targetHints":{"allow":["GET"]}}],"collection":[{"href":"https:\/\/inima-lui-isus.ro\/index.php\/wp-json\/wp\/v2\/pages"}],"about":[{"href":"https:\/\/inima-lui-isus.ro\/index.php\/wp-json\/wp\/v2\/types\/page"}],"author":[{"embeddable":true,"href":"https:\/\/inima-lui-isus.ro\/index.php\/wp-json\/wp\/v2\/users\/2"}],"replies":[{"embeddable":true,"href":"https:\/\/inima-lui-isus.ro\/index.php\/wp-json\/wp\/v2\/comments?post=27"}],"version-history":[{"count":0,"href":"https:\/\/inima-lui-isus.ro\/index.php\/wp-json\/wp\/v2\/pages\/27\/revisions"}],"wp:featuredmedia":[{"embeddable":true,"href":"https:\/\/inima-lui-isus.ro\/index.php\/wp-json\/wp\/v2\/media\/206"}],"wp:attachment":[{"href":"https:\/\/inima-lui-isus.ro\/index.php\/wp-json\/wp\/v2\/media?parent=27"}],"curies":[{"name":"wp","href":"https:\/\/api.w.org\/{rel}","templated":true}]}}